{"id":7,"date":"2022-01-13T06:08:03","date_gmt":"2022-01-13T06:08:03","guid":{"rendered":"https:\/\/www.patrolatrutnov.cz\/?page_id=7"},"modified":"2023-08-23T15:57:21","modified_gmt":"2023-08-23T15:57:21","slug":"contact","status":"publish","type":"page","link":"https:\/\/www.patrolatrutnov.cz\/?page_id=7","title":{"rendered":"Kontakt"},"content":{"rendered":"\n<p>David R\u016f\u017ei\u010dka<\/p>\n\n\n\n<p>+420 604 110 279<\/p>\n\n\n\n<div data-wp-interactive=\"core\/file\" class=\"wp-block-file\"><object data-wp-bind--hidden=\"!state.hasPdfPreview\" hidden class=\"wp-block-file__embed\" data=\"https:\/\/www.patrolatrutnov.cz\/wp-content\/uploads\/2023\/08\/Stageplan-Patrola-Trutnov.pdf\" type=\"application\/pdf\" style=\"width:100%;height:600px\" aria-label=\"Embed of Stageplan-Patrola-Trutnov.\"><\/object><a id=\"wp-block-file--media-f23c5036-69ff-4d4c-9db1-aea4b935dcb4\" href=\"https:\/\/www.patrolatrutnov.cz\/wp-content\/uploads\/2023\/08\/Stageplan-Patrola-Trutnov.pdf\">Stageplan-Patrola-Trutnov<\/a><a href=\"https:\/\/www.patrolatrutnov.cz\/wp-content\/uploads\/2023\/08\/Stageplan-Patrola-Trutnov.pdf\" class=\"wp-block-file__button wp-element-button\" download aria-describedby=\"wp-block-file--media-f23c5036-69ff-4d4c-9db1-aea4b935dcb4\">Download<\/a><\/div>\n","protected":false},"excerpt":{"rendered":"<p>David R\u016f\u017ei\u010dka +420 604 110 279<\/p>\n","protected":false},"author":1,"featured_media":0,"parent":0,"menu_order":0,"comment_status":"closed","ping_status":"closed","template":"","meta":{"footnotes":""},"class_list":["post-7","page","type-page","status-publish","hentry"],"_links":{"self":[{"href":"https:\/\/www.patrolatrutnov.cz\/index.php?rest_route=\/wp\/v2\/pages\/7","targetHints":{"allow":["GET"]}}],"collection":[{"href":"https:\/\/www.patrolatrutnov.cz\/index.php?rest_route=\/wp\/v2\/pages"}],"about":[{"href":"https:\/\/www.patrolatrutnov.cz\/index.php?rest_route=\/wp\/v2\/types\/page"}],"author":[{"embeddable":true,"href":"https:\/\/www.patrolatrutnov.cz\/index.php?rest_route=\/wp\/v2\/users\/1"}],"replies":[{"embeddable":true,"href":"https:\/\/www.patrolatrutnov.cz\/index.php?rest_route=%2Fwp%2Fv2%2Fcomments&post=7"}],"version-history":[{"count":7,"href":"https:\/\/www.patrolatrutnov.cz\/index.php?rest_route=\/wp\/v2\/pages\/7\/revisions"}],"predecessor-version":[{"id":165,"href":"https:\/\/www.patrolatrutnov.cz\/index.php?rest_route=\/wp\/v2\/pages\/7\/revisions\/165"}],"wp:attachment":[{"href":"https:\/\/www.patrolatrutnov.cz\/index.php?rest_route=%2Fwp%2Fv2%2Fmedia&parent=7"}],"curies":[{"name":"wp","href":"https:\/\/api.w.org\/{rel}","templated":true}]}}