{"id":6,"date":"2022-01-13T06:08:03","date_gmt":"2022-01-13T06:08:03","guid":{"rendered":"https:\/\/www.patrolatrutnov.cz\/?page_id=6"},"modified":"2026-02-01T11:57:05","modified_gmt":"2026-02-01T11:57:05","slug":"about","status":"publish","type":"page","link":"https:\/\/www.patrolatrutnov.cz\/?page_id=6","title":{"rendered":"Koncerty"},"content":{"rendered":"\n<p><\/p>\n\n\n\n<p>14.2.2026 &#8211; Tradi\u010dn\u00ed posezen\u00ed s Patrolou U Draka 20.00 s p\u0159ekvapen\u00edm<\/p>\n\n\n\n<p>20.6.2026 &#8211; Velk\u00e1 \u00dapa &#8211; festival horsk\u00fdch minipivovar\u016f 12.30 &#8211; 14.00<\/p>\n\n\n\n<p>27.6.2026 &#8211; Mal\u00e1 \u00dapa  &#8211; Jarmark<\/p>\n\n\n\n<p>1.8.2026 &#8211; V\u00fdro\u010d\u00ed obce J\u00edvka<\/p>\n\n\n\n<p><\/p>\n\n\n\n<p><\/p>\n\n\n\n<p><\/p>\n\n\n\n<p><\/p>\n\n\n\n<p><\/p>\n\n\n\n<p><\/p>\n","protected":false},"excerpt":{"rendered":"<p>14.2.2026 &#8211; Tradi\u010dn\u00ed posezen\u00ed s Patrolou U Draka 20.00 s p\u0159ekvapen\u00edm 20.6.2026 &#8211; Velk\u00e1 \u00dapa &#8211; festival horsk\u00fdch minipivovar\u016f 12.30 &#8211; 14.00 27.6.2026 &#8211; Mal\u00e1 \u00dapa &#8211; Jarmark 1.8.2026 &#8211;<a href=\"https:\/\/www.patrolatrutnov.cz\/?page_id=6\" class=\"more-link\"><span class=\"readmore\">Continue reading<span class=\"screen-reader-text\">Koncerty<\/span><\/span><\/a><\/p>\n","protected":false},"author":1,"featured_media":0,"parent":0,"menu_order":0,"comment_status":"closed","ping_status":"closed","template":"","meta":{"footnotes":""},"class_list":["post-6","page","type-page","status-publish","hentry"],"_links":{"self":[{"href":"https:\/\/www.patrolatrutnov.cz\/index.php?rest_route=\/wp\/v2\/pages\/6","targetHints":{"allow":["GET"]}}],"collection":[{"href":"https:\/\/www.patrolatrutnov.cz\/index.php?rest_route=\/wp\/v2\/pages"}],"about":[{"href":"https:\/\/www.patrolatrutnov.cz\/index.php?rest_route=\/wp\/v2\/types\/page"}],"author":[{"embeddable":true,"href":"https:\/\/www.patrolatrutnov.cz\/index.php?rest_route=\/wp\/v2\/users\/1"}],"replies":[{"embeddable":true,"href":"https:\/\/www.patrolatrutnov.cz\/index.php?rest_route=%2Fwp%2Fv2%2Fcomments&post=6"}],"version-history":[{"count":80,"href":"https:\/\/www.patrolatrutnov.cz\/index.php?rest_route=\/wp\/v2\/pages\/6\/revisions"}],"predecessor-version":[{"id":331,"href":"https:\/\/www.patrolatrutnov.cz\/index.php?rest_route=\/wp\/v2\/pages\/6\/revisions\/331"}],"wp:attachment":[{"href":"https:\/\/www.patrolatrutnov.cz\/index.php?rest_route=%2Fwp%2Fv2%2Fmedia&parent=6"}],"curies":[{"name":"wp","href":"https:\/\/api.w.org\/{rel}","templated":true}]}}