{"id":5,"date":"2022-01-13T06:08:03","date_gmt":"2022-01-13T06:08:03","guid":{"rendered":"https:\/\/www.patrolatrutnov.cz\/?page_id=5"},"modified":"2024-01-12T12:06:57","modified_gmt":"2024-01-12T12:06:57","slug":"create-your-website-with-blocks","status":"publish","type":"page","link":"https:\/\/www.patrolatrutnov.cz\/","title":{"rendered":"Historie kapely"},"content":{"rendered":"\n<p>Skupina Patrola vznikla v hospod\u011b, stejn\u011b tak jako v\u011bt\u0161ina kapel hraj\u00edc\u00ed trampskou a country hudbu, pro radost sob\u011b a pro pot\u011b\u0161en\u00ed kamar\u00e1d\u016f.<\/p>\n\n\n\n<p>V roce 2006 se se\u0161li, v dnes ji\u017e zanikl\u00e9 Lucern\u011b v trutnovsk\u00e9m Po\u0159\u00ed\u010d\u00ed, zakl\u00e1daj\u00edc\u00ed \u010dlenov\u00e9: baskytarista David R\u016f\u017ei\u010dka, Jan \u201eHans\u201c Sch\u00f6ttner hraj\u00edc\u00ed na dvan\u00e1ctistrunku, na banjo za\u010d\u00ednaj\u00edc\u00ed Jind\u0159ich Hylmar, kytarista a budouc\u00ed frontman Tom\u00e1\u0161 Pavel a Slavoj \u201eVojta\u201c Potm\u011b\u0161il s mandol\u00ednou.<\/p>\n\n\n\n<p>Stejn\u011b jako u jin\u00fdch kapel se i u Patroly postupem \u010dasu m\u011bnila sestava muzikant\u016f. V srpnu 2009 nav\u017edy ode\u0161el do muzikantsk\u00e9ho nebe kytarista Honza Sch\u00f6ttner. Dal\u0161\u00ed zm\u011bna nastala odchodem mandolinisty Slavoje Potm\u011b\u0161ila. Od roku 2012 tedy za\u010dal s kapelou spolupracovat mandolinista Miloslav Ondr\u00e1\u010dek. V roce 2013 nahradil zp\u011bv\u00e1ka a kytaristu Tom\u00e1\u0161e Pavla do t\u00e9 doby hostuj\u00edc\u00ed Karel Hor\u00e1k. Posledn\u00ed velk\u00e1 zm\u011bna nastala v \u010dervnu 2018 po n\u00e1hl\u00e9 smrti kamar\u00e1da, konferenci\u00e9ra, banjisty a zp\u011bv\u00e1ka Jindry Hylmara. Nov\u00fdm hr\u00e1\u010dem na banjo se stal Pavel Rodr.<\/p>\n\n\n\n<p>V pr\u016fb\u011bhu let u kapely tak\u00e9 kr\u00e1tce p\u016fsobili nebo hostovali: netradi\u010dn\u011b na mandol\u00ednu Tom\u00e1\u0161 \u201eTim\u201c Zl\u00e1mal, na dobro Bronislav \u201eBro\u0148a\u201c Zaj\u00edc, na housle Dagmar \u201eDandy\u201c Hol\u00e1 \u2013 \u0158\u00edzkov\u00e1, usm\u011bvav\u00fd blon\u010fat\u00fd host z Laviny, kytarista a zp\u011bv\u00e1k Zden\u011bk \u201eT\u0159\u00edska\u201c \u0160t\u011bpka, kontrabasistka Romana \u201e Badys\u201c Krest\u00fdnov\u00e1 a dal\u0161\u00edch.<\/p>\n\n\n\n<p>Z toho vypl\u00fdv\u00e1, \u017ee ob\u010dasn\u00e1 v\u00fdpomoc \u010dlen\u016f z jin\u00fdch kapel, nebo na\u0161ich \u010dlen\u016f v jin\u00fdch kapel\u00e1ch, se stalo samoz\u0159ejmost\u00ed a slu\u0161nost\u00ed.<\/p>\n\n\n\n<p>Kapela v sou\u010dasn\u00e9 dob\u011b hraje ve slo\u017een\u00ed:<\/p>\n\n\n\n<p>David R\u016f\u017ei\u010dka &#8211; baskytara, zp\u011bv, organiza\u010dn\u00ed vedouc\u00ed a ji\u017e posledn\u00ed aktivn\u00ed zakl\u00e1daj\u00edc\u00ed \u010dlen <\/p>\n\n\n\n<p>Miloslav \u201eM\u00edlla\u201c Ondr\u00e1\u010dek &#8211; mandol\u00edna, foukac\u00ed harmonika, zp\u011bv<\/p>\n\n\n\n<p>Pavel \u201eGrizzly\u201c Rodr, druhou p\u0159ezd\u00edvkou \u201eHroba\u0159\u201c &#8211; p\u011btistrunn\u00e9 banjo, kytara, zp\u011bv<\/p>\n\n\n\n<p>Karel \u201e\u010c\u00e1rli\u201c Hor\u00e1k &#8211; frontman, kytara, zp\u011bv, ml\u010denliv\u00fd speaker (\u010dti \u0161pekr) a neum\u011bleck\u00fd vedouc\u00ed<\/p>\n\n\n\n<p>Sl\u00e1vek Tepl\u00fd &#8211; alternuj\u00edc\u00ed mandol\u00edna.<\/p>\n\n\n\n<p>D\u016fchodcovsk\u00fd v\u011bkov\u00fd pr\u016fm\u011br kapely kaz\u00ed pouze relativn\u011b mlad\u00fd baskytarista (taky u\u017e \u017e\u00e1dn\u00fd mlad\u00ed\u010dek), nicm\u00e9n\u011b je mu odpu\u0161t\u011bno, proto\u017ee v\u00fdznamn\u011b p\u0159isp\u00edv\u00e1 k v\u00e1hov\u00e9mu pr\u016fm\u011bru kapely 1q\/kus.<\/p>\n\n\n\n<p>Vzhledem k tomu, \u017ee \u010dlenov\u00e9 kapely ovl\u00e1daj\u00ed pouze 3 z\u00e1kladn\u00ed anglick\u00e1 slova, zp\u00edvaj\u00ed pouze v \u010desk\u00e9m jazyce. Proto reperto\u00e1r kapely tvo\u0159\u00ed p\u0159evzat\u00e9 skladby z oblasti country a bluegrassu s p\u016fvodn\u00edmi \u010desk\u00fdmi texty, pop\u0159\u00edpad\u011b opat\u0159en\u00e9 texty Pavla Rodra a dal\u0161\u00edch kamar\u00e1d\u016f. Kapela se neboj\u00ed ani lidovek a dok\u00e1\u017ee \u201ezkazit\u201c i p\u00edsn\u011b jin\u00fdch \u017e\u00e1nr\u016f.<\/p>\n\n\n\n<p>Patrolu jste mohli vid\u011bt nap\u0159\u00edklad na akc\u00edch: Gul\u00e1\u0161e v Peci pod Sn\u011b\u017ekou, sv\u00e9ho \u010dasu t\u00e9\u017e v Dolc\u00edch, Krkono\u0161sk\u00e9m festivalu minipivovar\u016f ve Velk\u00e9 \u00dap\u011b, na Krakono\u0161ov\u00fdch toulk\u00e1ch na Pomezn\u00edch Boud\u00e1ch, na Trutnovsk\u00e9m hudebn\u00edm l\u00e9t\u011b, na Gablenzi, pochodu Babi\u010dka, na hudebn\u00edch slavnostech v Horn\u00edm Mar\u0161ov\u011b, v Milet\u00edn\u011b, Holic\u00edch, Hradci Kr\u00e1lov\u00e9. Zahr\u00e1li jsme i na festiv\u00e1lku v Polsku, na Kutnohorsk\u00e9 koc\u00e1bce a tak\u00e9 na firemn\u00edch akc\u00edch, narozenin\u00e1ch a svatb\u00e1ch.<\/p>\n\n\n\n<p>Samoz\u0159ejm\u011b n\u00e1s \u010das od \u010dasu potk\u00e1te i v n\u011bkter\u00e9 z trutnovsk\u00fdch hospod. Kapelou je zvl\u00e1\u0161t\u011b obl\u00edben\u00fd hostinec U Draka v Trutnov\u011b, kde hrajeme pro na\u0161e p\u0159\u00edznivce, vyjma pr\u00e1zdnin t\u00e9m\u011b\u0159 ka\u017ed\u00fd m\u011bs\u00edc.<\/p>\n","protected":false},"excerpt":{"rendered":"<p>Skupina Patrola vznikla v hospod\u011b, stejn\u011b tak jako v\u011bt\u0161ina kapel hraj\u00edc\u00ed trampskou a country hudbu, pro radost sob\u011b a pro pot\u011b\u0161en\u00ed kamar\u00e1d\u016f. V roce 2006 se se\u0161li, v dnes ji\u017e<a href=\"https:\/\/www.patrolatrutnov.cz\/\" class=\"more-link\"><span class=\"readmore\">Continue reading<span class=\"screen-reader-text\">Historie kapely<\/span><\/span><\/a><\/p>\n","protected":false},"author":1,"featured_media":0,"parent":0,"menu_order":0,"comment_status":"closed","ping_status":"closed","template":"","meta":{"footnotes":""},"class_list":["post-5","page","type-page","status-publish","hentry"],"_links":{"self":[{"href":"https:\/\/www.patrolatrutnov.cz\/index.php?rest_route=\/wp\/v2\/pages\/5","targetHints":{"allow":["GET"]}}],"collection":[{"href":"https:\/\/www.patrolatrutnov.cz\/index.php?rest_route=\/wp\/v2\/pages"}],"about":[{"href":"https:\/\/www.patrolatrutnov.cz\/index.php?rest_route=\/wp\/v2\/types\/page"}],"author":[{"embeddable":true,"href":"https:\/\/www.patrolatrutnov.cz\/index.php?rest_route=\/wp\/v2\/users\/1"}],"replies":[{"embeddable":true,"href":"https:\/\/www.patrolatrutnov.cz\/index.php?rest_route=%2Fwp%2Fv2%2Fcomments&post=5"}],"version-history":[{"count":6,"href":"https:\/\/www.patrolatrutnov.cz\/index.php?rest_route=\/wp\/v2\/pages\/5\/revisions"}],"predecessor-version":[{"id":205,"href":"https:\/\/www.patrolatrutnov.cz\/index.php?rest_route=\/wp\/v2\/pages\/5\/revisions\/205"}],"wp:attachment":[{"href":"https:\/\/www.patrolatrutnov.cz\/index.php?rest_route=%2Fwp%2Fv2%2Fmedia&parent=5"}],"curies":[{"name":"wp","href":"https:\/\/api.w.org\/{rel}","templated":true}]}}